{"id":13,"date":"2025-04-05T08:32:30","date_gmt":"2025-04-05T08:32:30","guid":{"rendered":"https:\/\/entrepreneurship.ruhr-uni-bochum.de\/?page_id=13"},"modified":"2025-11-20T11:05:06","modified_gmt":"2025-11-20T11:05:06","slug":"entrepreneurship-education","status":"publish","type":"page","link":"https:\/\/entrepreneurship.ruhr-uni-bochum.de\/en\/","title":{"rendered":"Entrepreneurship Education"},"content":{"rendered":"<div class=\"wp-block-group alignfull is-layout-constrained wp-block-group-is-layout-constrained\">\n<div class=\"wp-block-cover alignfull\" style=\"padding-top:var(--wp--preset--spacing--40);padding-right:var(--wp--preset--spacing--60);padding-bottom:var(--wp--preset--spacing--40);padding-left:var(--wp--preset--spacing--60);min-height:218px;aspect-ratio:unset;\"><img loading=\"lazy\" decoding=\"async\" width=\"2560\" height=\"1707\" class=\"wp-block-cover__image-background wp-image-19\" alt=\"\" src=\"https:\/\/entrepreneurship.ruhr-uni-bochum.de\/wp-content\/uploads\/2025\/04\/RUB-Seminar-School-of-Design-Thinking-20241206-002-scaled.jpg\" data-object-fit=\"cover\" srcset=\"https:\/\/entrepreneurship.ruhr-uni-bochum.de\/wp-content\/uploads\/2025\/04\/RUB-Seminar-School-of-Design-Thinking-20241206-002-scaled.jpg 2560w, https:\/\/entrepreneurship.ruhr-uni-bochum.de\/wp-content\/uploads\/2025\/04\/RUB-Seminar-School-of-Design-Thinking-20241206-002-300x200.jpg 300w, https:\/\/entrepreneurship.ruhr-uni-bochum.de\/wp-content\/uploads\/2025\/04\/RUB-Seminar-School-of-Design-Thinking-20241206-002-1024x683.jpg 1024w, https:\/\/entrepreneurship.ruhr-uni-bochum.de\/wp-content\/uploads\/2025\/04\/RUB-Seminar-School-of-Design-Thinking-20241206-002-768x512.jpg 768w, https:\/\/entrepreneurship.ruhr-uni-bochum.de\/wp-content\/uploads\/2025\/04\/RUB-Seminar-School-of-Design-Thinking-20241206-002-1536x1024.jpg 1536w, https:\/\/entrepreneurship.ruhr-uni-bochum.de\/wp-content\/uploads\/2025\/04\/RUB-Seminar-School-of-Design-Thinking-20241206-002-2048x1366.jpg 2048w, https:\/\/entrepreneurship.ruhr-uni-bochum.de\/wp-content\/uploads\/2025\/04\/RUB-Seminar-School-of-Design-Thinking-20241206-002-18x12.jpg 18w\" sizes=\"auto, (max-width: 2560px) 100vw, 2560px\" \/><span aria-hidden=\"true\" class=\"wp-block-cover__background has-palette-color-8-background-color has-background-dim-10 has-background-dim\"><\/span><div class=\"wp-block-cover__inner-container is-layout-flow wp-block-cover-is-layout-flow\">\n<div style=\"height:400px\" aria-hidden=\"true\" class=\"wp-block-spacer\"><\/div>\n<\/div><\/div>\n<\/div>\n\n\n\n<div style=\"height:30px\" aria-hidden=\"true\" class=\"wp-block-spacer\"><\/div>\n\n\n\n<div class=\"wp-block-columns is-layout-flex wp-container-core-columns-is-layout-28f84493 wp-block-columns-is-layout-flex\">\n<div class=\"wp-block-column is-layout-flow wp-block-column-is-layout-flow\" style=\"padding-top:var(--wp--preset--spacing--40);padding-right:var(--wp--preset--spacing--40);padding-bottom:var(--wp--preset--spacing--40);padding-left:var(--wp--preset--spacing--40);flex-basis:55%\">\n<h2 class=\"wp-block-heading has-palette-color-1-color has-text-color has-link-color wp-elements-fd7625c4930c9e5a5a9c2d1857c91b11 translation-block\" style=\"line-height:1.2\">Welcome to <mark class=\"has-inline-color has-palette-color-3-color\">Entrepreneurship Education<\/mark> at RUB!<\/h2>\n\n\n\n<p class=\"has-text-align-left has-palette-color-1-color has-text-color has-link-color wp-elements-13f2a2f06760fb16fec53fa73468bc16 translation-block\"><strong>Entrepreneurship Education<\/strong> enables you to understand how you can make an impact beyond your study program or discipline:  both as a student or a researcher.<\/p>\n\n\n\n<p class=\"has-text-align-left has-palette-color-1-color has-text-color has-link-color wp-elements-1d845e3aecbca2a888ae7e92008b6ee7 translation-block\">Our offer is open to students and researchers from <strong>all RUB faculties<\/strong>, spanning BSc., MSc. or postgraduate levels. With the Entrepreneurship Certificate you will strengthen your entrepreneurial skills - for the <strong> implementation of your own ideas, the development of business models or to complement your professional profile<\/strong>.<\/p>\n\n\n\n<p class=\"translation-block\">Hallo<\/p>\n\n\n\n<p class=\"has-text-align-left has-palette-color-1-color has-text-color has-link-color wp-elements-1b7750629837a09b4a0aba69613cb6e2 translation-block\">Find out more about the\u00a0<strong><a href=\"https:\/\/entrepreneurship.ruhr-uni-bochum.de\/en\/?page_id=30\" data-type=\"page\" data-id=\"30\" target=\"_self\"><mark class=\"has-inline-color has-palette-color-3-color\">RUB Entrepreneurship Certificate<\/mark><\/a><\/strong>\u00a0and all entrepreneurship courses at the <strong><a href=\"https:\/\/www2.wiwi.rub.de\/lehrstuehle\/eship\/\" target=\"_self\">Chair of Entrepreneurship and Innovative Business Models<\/a><\/strong>.<\/p>\n<\/div>\n\n\n\n<div class=\"wp-block-column is-layout-flow wp-block-column-is-layout-flow\" style=\"padding-top:var(--wp--preset--spacing--40);padding-right:var(--wp--preset--spacing--40);padding-bottom:var(--wp--preset--spacing--40);padding-left:var(--wp--preset--spacing--40);flex-basis:45%\">\n<figure class=\"wp-block-image size-full\" style=\"margin-right:0;margin-left:0\"><img loading=\"lazy\" decoding=\"async\" width=\"1000\" height=\"666\" src=\"https:\/\/entrepreneurship.ruhr-uni-bochum.de\/wp-content\/uploads\/2025\/04\/RUB-Seminar-School-of-Design-Thinking-20241206-011-1-edited.jpg\" alt=\"\" class=\"wp-image-20\" srcset=\"https:\/\/entrepreneurship.ruhr-uni-bochum.de\/wp-content\/uploads\/2025\/04\/RUB-Seminar-School-of-Design-Thinking-20241206-011-1-edited.jpg 1000w, https:\/\/entrepreneurship.ruhr-uni-bochum.de\/wp-content\/uploads\/2025\/04\/RUB-Seminar-School-of-Design-Thinking-20241206-011-1-edited-300x200.jpg 300w, https:\/\/entrepreneurship.ruhr-uni-bochum.de\/wp-content\/uploads\/2025\/04\/RUB-Seminar-School-of-Design-Thinking-20241206-011-1-edited-768x511.jpg 768w, https:\/\/entrepreneurship.ruhr-uni-bochum.de\/wp-content\/uploads\/2025\/04\/RUB-Seminar-School-of-Design-Thinking-20241206-011-1-edited-18x12.jpg 18w\" sizes=\"auto, (max-width: 1000px) 100vw, 1000px\" \/><\/figure>\n<\/div>\n<\/div>\n\n\n\n<div style=\"height:50px\" aria-hidden=\"true\" class=\"wp-block-spacer\"><\/div>\n\n\n\n<div class=\"wp-block-group alignfull is-layout-constrained wp-block-group-is-layout-constrained\">\n<div class=\"wp-block-cover alignfull is-light\" style=\"padding-top:var(--wp--preset--spacing--40);padding-right:var(--wp--preset--spacing--60);padding-bottom:var(--wp--preset--spacing--40);padding-left:var(--wp--preset--spacing--60);min-height:218px;aspect-ratio:unset;\"><img loading=\"lazy\" decoding=\"async\" width=\"2560\" height=\"1440\" class=\"wp-block-cover__image-background wp-image-21\" alt=\"\" src=\"https:\/\/entrepreneurship.ruhr-uni-bochum.de\/wp-content\/uploads\/2025\/04\/background-grey5blue5-scaled-1.jpg\" data-object-fit=\"cover\" srcset=\"https:\/\/entrepreneurship.ruhr-uni-bochum.de\/wp-content\/uploads\/2025\/04\/background-grey5blue5-scaled-1.jpg 2560w, https:\/\/entrepreneurship.ruhr-uni-bochum.de\/wp-content\/uploads\/2025\/04\/background-grey5blue5-scaled-1-300x169.jpg 300w, https:\/\/entrepreneurship.ruhr-uni-bochum.de\/wp-content\/uploads\/2025\/04\/background-grey5blue5-scaled-1-1024x576.jpg 1024w, https:\/\/entrepreneurship.ruhr-uni-bochum.de\/wp-content\/uploads\/2025\/04\/background-grey5blue5-scaled-1-768x432.jpg 768w, https:\/\/entrepreneurship.ruhr-uni-bochum.de\/wp-content\/uploads\/2025\/04\/background-grey5blue5-scaled-1-1536x864.jpg 1536w, https:\/\/entrepreneurship.ruhr-uni-bochum.de\/wp-content\/uploads\/2025\/04\/background-grey5blue5-scaled-1-2048x1152.jpg 2048w, https:\/\/entrepreneurship.ruhr-uni-bochum.de\/wp-content\/uploads\/2025\/04\/background-grey5blue5-scaled-1-18x10.jpg 18w\" sizes=\"auto, (max-width: 2560px) 100vw, 2560px\" \/><span aria-hidden=\"true\" class=\"wp-block-cover__background has-palette-color-1-background-color has-background-dim-0 has-background-dim\"><\/span><div class=\"wp-block-cover__inner-container is-layout-flow wp-block-cover-is-layout-flow\">\n<div style=\"height:10px\" aria-hidden=\"true\" class=\"wp-block-spacer\"><\/div>\n\n\n\n<h2 class=\"wp-block-heading has-palette-color-1-color has-text-color has-link-color wp-elements-030b928fd801cafdaefccbeec8ec73ad\" style=\"border-style:none;border-width:0px\">Target Groups<\/h2>\n\n\n\n<div style=\"height:10px\" aria-hidden=\"true\" class=\"wp-block-spacer\"><\/div>\n\n\n\n<div class=\"wp-block-columns is-layout-flex wp-container-core-columns-is-layout-28f84493 wp-block-columns-is-layout-flex\">\n<div class=\"wp-block-column is-layout-flow wp-block-column-is-layout-flow\" style=\"padding-right:0;padding-left:0;flex-basis:33%\">\n<figure class=\"wp-block-image size-full\"><img loading=\"lazy\" decoding=\"async\" width=\"2560\" height=\"1707\" src=\"https:\/\/entrepreneurship.ruhr-uni-bochum.de\/wp-content\/uploads\/2025\/04\/RUB-Seminar-School-of-Design-Thinking-20241206-026-scaled-1.jpg\" alt=\"\" class=\"wp-image-24\" style=\"aspect-ratio:4\/3;object-fit:cover\" srcset=\"https:\/\/entrepreneurship.ruhr-uni-bochum.de\/wp-content\/uploads\/2025\/04\/RUB-Seminar-School-of-Design-Thinking-20241206-026-scaled-1.jpg 2560w, https:\/\/entrepreneurship.ruhr-uni-bochum.de\/wp-content\/uploads\/2025\/04\/RUB-Seminar-School-of-Design-Thinking-20241206-026-scaled-1-300x200.jpg 300w, https:\/\/entrepreneurship.ruhr-uni-bochum.de\/wp-content\/uploads\/2025\/04\/RUB-Seminar-School-of-Design-Thinking-20241206-026-scaled-1-1024x683.jpg 1024w, https:\/\/entrepreneurship.ruhr-uni-bochum.de\/wp-content\/uploads\/2025\/04\/RUB-Seminar-School-of-Design-Thinking-20241206-026-scaled-1-768x512.jpg 768w, https:\/\/entrepreneurship.ruhr-uni-bochum.de\/wp-content\/uploads\/2025\/04\/RUB-Seminar-School-of-Design-Thinking-20241206-026-scaled-1-1536x1024.jpg 1536w, https:\/\/entrepreneurship.ruhr-uni-bochum.de\/wp-content\/uploads\/2025\/04\/RUB-Seminar-School-of-Design-Thinking-20241206-026-scaled-1-2048x1366.jpg 2048w, https:\/\/entrepreneurship.ruhr-uni-bochum.de\/wp-content\/uploads\/2025\/04\/RUB-Seminar-School-of-Design-Thinking-20241206-026-scaled-1-18x12.jpg 18w\" sizes=\"auto, (max-width: 2560px) 100vw, 2560px\" \/><\/figure>\n\n\n\n<h5 class=\"wp-block-heading has-palette-color-1-color has-text-color has-link-color wp-elements-eeb86336ca46e2de5d8e9b4201af9c49\">Business<\/h5>\n\n\n\n<p class=\"has-palette-color-2-color has-text-color has-link-color wp-elements-00fc87222fb5a75d74da8db3982ee305\">Business Partners collaborate with Entrepreneurship Education by \u201csponsoring\u201d a real life challenge, that is addressed by student teams:<br>For example a company that seeks to transform its business model, can tap on the students creativity that spend a semester working on a dedicated business model innovation.<\/p>\n\n\n\n<p class=\"has-palette-color-2-color has-text-color has-link-color wp-elements-bfb6a324b8efeb855f8d971063b146e3 translation-block\">Find out more about how you can collaborate with us and <strong><a href=\"https:\/\/entrepreneurship.ruhr-uni-bochum.de\/en\/?page_id=39\" data-type=\"page\" data-id=\"39\" target=\"_self\">set us a challenge!<\/a><\/strong><\/p>\n\n\n\n<div style=\"height:30px\" aria-hidden=\"true\" class=\"wp-block-spacer\"><\/div>\n<\/div>\n\n\n\n<div class=\"wp-block-column is-layout-flow wp-block-column-is-layout-flow\" style=\"padding-right:0;padding-left:0;flex-basis:33%\">\n<figure class=\"wp-block-image size-full\"><img loading=\"lazy\" decoding=\"async\" width=\"3000\" height=\"2000\" src=\"https:\/\/entrepreneurship.ruhr-uni-bochum.de\/wp-content\/uploads\/2025\/04\/IMG_4420.png\" alt=\"\" class=\"wp-image-23\" style=\"aspect-ratio:4\/3;object-fit:cover\" srcset=\"https:\/\/entrepreneurship.ruhr-uni-bochum.de\/wp-content\/uploads\/2025\/04\/IMG_4420.png 3000w, https:\/\/entrepreneurship.ruhr-uni-bochum.de\/wp-content\/uploads\/2025\/04\/IMG_4420-300x200.png 300w, https:\/\/entrepreneurship.ruhr-uni-bochum.de\/wp-content\/uploads\/2025\/04\/IMG_4420-1024x683.png 1024w, https:\/\/entrepreneurship.ruhr-uni-bochum.de\/wp-content\/uploads\/2025\/04\/IMG_4420-768x512.png 768w, https:\/\/entrepreneurship.ruhr-uni-bochum.de\/wp-content\/uploads\/2025\/04\/IMG_4420-1536x1024.png 1536w, https:\/\/entrepreneurship.ruhr-uni-bochum.de\/wp-content\/uploads\/2025\/04\/IMG_4420-2048x1365.png 2048w, https:\/\/entrepreneurship.ruhr-uni-bochum.de\/wp-content\/uploads\/2025\/04\/IMG_4420-18x12.png 18w\" sizes=\"auto, (max-width: 3000px) 100vw, 3000px\" \/><\/figure>\n\n\n\n<h5 class=\"wp-block-heading has-palette-color-1-color has-text-color has-link-color wp-elements-8faabe1467356e6a0cac974fa93abf08\">Researchers<\/h5>\n\n\n\n<p class=\"has-palette-color-2-color has-text-color has-link-color wp-elements-df2b9195677209a91b90a291024e4b42 translation-block\">Researchers use Entrepreneurship Education modules to transform scientific ideas into successful business ventures. Learn more about Entrepreneurship modules for researchers at\u00a0<strong><a href=\"https:\/\/www.research-school.rub.de\/\" target=\"_self\">RUB Research School<\/a><\/strong> and  <strong><a href=\"https:\/\/youngentrepreneursinscience.com\/de\/\" target=\"_self\">Young Entrepreneurs in Science<\/a><\/strong>.<\/p>\n\n\n\n<div style=\"height:12px\" aria-hidden=\"true\" class=\"wp-block-spacer\"><\/div>\n<\/div>\n\n\n\n<div class=\"wp-block-column is-layout-flow wp-block-column-is-layout-flow\" style=\"padding-right:0;padding-left:0;flex-basis:33%\">\n<figure class=\"wp-block-image size-full wp-duotone-unset-1\"><img loading=\"lazy\" decoding=\"async\" width=\"834\" height=\"559\" src=\"https:\/\/entrepreneurship.ruhr-uni-bochum.de\/wp-content\/uploads\/2025\/04\/ee-workshop-b.jpg\" alt=\"\" class=\"wp-image-22\" style=\"aspect-ratio:4\/3;object-fit:cover\" srcset=\"https:\/\/entrepreneurship.ruhr-uni-bochum.de\/wp-content\/uploads\/2025\/04\/ee-workshop-b.jpg 834w, https:\/\/entrepreneurship.ruhr-uni-bochum.de\/wp-content\/uploads\/2025\/04\/ee-workshop-b-300x201.jpg 300w, https:\/\/entrepreneurship.ruhr-uni-bochum.de\/wp-content\/uploads\/2025\/04\/ee-workshop-b-768x515.jpg 768w, https:\/\/entrepreneurship.ruhr-uni-bochum.de\/wp-content\/uploads\/2025\/04\/ee-workshop-b-18x12.jpg 18w\" sizes=\"auto, (max-width: 834px) 100vw, 834px\" \/><\/figure>\n\n\n\n<h5 class=\"wp-block-heading has-palette-color-1-color has-text-color has-link-color wp-elements-34ea2f95b1a64cd45b695b3deccaef41\">Students<\/h5>\n\n\n\n<p class=\"has-palette-color-2-color has-text-color has-link-color wp-elements-789baa2d5631de8788e3413192b7f22e\">Students will join our Challenge-based teaching journey along the following three options:<\/p>\n\n\n\n<p class=\"has-palette-color-2-color has-text-color has-link-color wp-elements-0e57bf537901e8b68d69cef8a6c874f9 translation-block\">1) Develop their own <strong>business idea<strong><\/p>\n\n\n\n<p class=\"has-palette-color-2-color has-text-color has-link-color wp-elements-af1f1ea10c297bf4b9ec81c99be00e6d\">2) Work closely with <strong>start-up teams<\/strong> from our <strong>Worldfactory start-up team<\/strong> <strong>Start-up Teams<\/strong> des <strong><a href=\"https:\/\/worldfactory.de\">Worldfactory Start-up Centers<\/a><\/strong><\/p>\n\n\n\n<p class=\"has-palette-color-2-color has-text-color has-link-color wp-elements-5b96e0e67266eedb329a6355c82efea3 translation-block\">3) Explore <strong>real-word challenges<\/strong> sponsored by our industrial partners (see more on \u201cChallenges\u201d).<\/p>\n\n\n\n<div style=\"height:12px\" aria-hidden=\"true\" class=\"wp-block-spacer\"><\/div>\n<\/div>\n<\/div>\n<\/div><\/div>\n<\/div>\n\n\n\n<div style=\"height:30px\" aria-hidden=\"true\" class=\"wp-block-spacer\"><\/div>\n\n\n\n<div class=\"wp-block-columns is-layout-flex wp-container-core-columns-is-layout-28f84493 wp-block-columns-is-layout-flex\">\n<div class=\"wp-block-column is-layout-flow wp-block-column-is-layout-flow\" style=\"padding-top:var(--wp--preset--spacing--40);padding-right:var(--wp--preset--spacing--40);padding-bottom:var(--wp--preset--spacing--40);padding-left:var(--wp--preset--spacing--40);flex-basis:50%\">\n<figure class=\"wp-block-image aligncenter size-large\" style=\"margin-right:0;margin-left:0\"><img loading=\"lazy\" decoding=\"async\" width=\"1024\" height=\"640\" src=\"https:\/\/entrepreneurship.ruhr-uni-bochum.de\/wp-content\/uploads\/2025\/04\/TQ_1120-1024x640.jpg\" alt=\"\" class=\"wp-image-27\" srcset=\"https:\/\/entrepreneurship.ruhr-uni-bochum.de\/wp-content\/uploads\/2025\/04\/TQ_1120-1024x640.jpg 1024w, https:\/\/entrepreneurship.ruhr-uni-bochum.de\/wp-content\/uploads\/2025\/04\/TQ_1120-300x188.jpg 300w, https:\/\/entrepreneurship.ruhr-uni-bochum.de\/wp-content\/uploads\/2025\/04\/TQ_1120-768x480.jpg 768w, https:\/\/entrepreneurship.ruhr-uni-bochum.de\/wp-content\/uploads\/2025\/04\/TQ_1120-1536x960.jpg 1536w, https:\/\/entrepreneurship.ruhr-uni-bochum.de\/wp-content\/uploads\/2025\/04\/TQ_1120-18x12.jpg 18w, https:\/\/entrepreneurship.ruhr-uni-bochum.de\/wp-content\/uploads\/2025\/04\/TQ_1120.jpg 2048w\" sizes=\"auto, (max-width: 1024px) 100vw, 1024px\" \/><figcaption class=\"wp-element-caption\">Source: Growth Alliance, 2023<\/figcaption><\/figure>\n<\/div>\n\n\n\n<div class=\"wp-block-column is-layout-flow wp-block-column-is-layout-flow\" style=\"padding-top:var(--wp--preset--spacing--40);padding-right:var(--wp--preset--spacing--40);padding-bottom:var(--wp--preset--spacing--40);padding-left:var(--wp--preset--spacing--40);flex-basis:50%\">\n<div style=\"height:10px\" aria-hidden=\"true\" class=\"wp-block-spacer\"><\/div>\n\n\n\n<h2 class=\"wp-block-heading has-text-align-center has-border-color has-palette-color-8-border-color has-palette-color-1-color has-text-color has-link-color wp-elements-8cca7f78c206e624e8a3fdbef3cdf2da translation-block\" style=\"border-width:50px\">Can<br>\nEntrepreneurship<br>\nbe learnt?<\/h2>\n<\/div>\n<\/div>\n\n\n\n<div class=\"wp-block-columns is-layout-flex wp-container-core-columns-is-layout-28f84493 wp-block-columns-is-layout-flex\">\n<div class=\"wp-block-column is-layout-flow wp-block-column-is-layout-flow\" style=\"padding-top:var(--wp--preset--spacing--40);padding-right:var(--wp--preset--spacing--40);padding-bottom:var(--wp--preset--spacing--40);padding-left:var(--wp--preset--spacing--40);flex-basis:50%\">\n<div style=\"height:20px\" aria-hidden=\"true\" class=\"wp-block-spacer\"><\/div>\n\n\n\n<h1 class=\"wp-block-heading has-text-align-center has-border-color has-palette-color-8-border-color has-palette-color-1-color has-text-color has-link-color wp-elements-a1139080ee44a47d7b6f0841fbb1a761\" style=\"border-width:50px\">YES!<\/h1>\n\n\n\n<p class=\"has-text-align-center has-border-color has-palette-color-8-border-color has-palette-color-1-color has-text-color has-link-color wp-elements-3a5223caff27d45febf7899f126de59d translation-block\" style=\"border-width:30px\"><strong>With the <a href=\"https:\/\/entrepreneurship.ruhr-uni-bochum.de\/en\/?page_id=30\" data-type=\"page\" data-id=\"30\" target=\"_self\"><mark class=\"has-inline-color has-palette-color-3-color\">RUB Entrepreneurship Certificate<\/mark><\/a>, <\/strong><br><strong>we enable you to choose\nyour own entrepreneurial path.<\/strong><\/p>\n\n\n\n<div style=\"height:20px\" aria-hidden=\"true\" class=\"wp-block-spacer\"><\/div>\n\n\n\n<div class=\"wp-block-buttons alignwide is-content-justification-center is-layout-flex wp-container-core-buttons-is-layout-1fb448e7 wp-block-buttons-is-layout-flex\">\n<div class=\"wp-block-button is-style-fill\"><a class=\"wp-block-button__link wp-element-button\" href=\"https:\/\/entrepreneurship.ruhr-uni-bochum.de\/en\/rub-entrepreneurship-certificate\/\" style=\"border-style:none;border-width:0px;border-radius:10px;padding-top:var(--wp--preset--spacing--50);padding-right:var(--wp--preset--spacing--70);padding-bottom:var(--wp--preset--spacing--50);padding-left:var(--wp--preset--spacing--70)\">Learn more!<\/a><\/div>\n<\/div>\n<\/div>\n\n\n\n<div class=\"wp-block-column is-layout-flow wp-block-column-is-layout-flow\" style=\"padding-top:var(--wp--preset--spacing--40);padding-right:var(--wp--preset--spacing--40);padding-bottom:var(--wp--preset--spacing--40);padding-left:var(--wp--preset--spacing--40);flex-basis:50%\">\n<figure class=\"wp-block-image aligncenter size-large\" style=\"margin-right:0;margin-left:0\"><img loading=\"lazy\" decoding=\"async\" width=\"1024\" height=\"683\" src=\"https:\/\/entrepreneurship.ruhr-uni-bochum.de\/wp-content\/uploads\/2025\/04\/RUB-Seminar-School-of-Design-Thinking-20241206-027-1024x683.jpg\" alt=\"\" class=\"wp-image-28\" srcset=\"https:\/\/entrepreneurship.ruhr-uni-bochum.de\/wp-content\/uploads\/2025\/04\/RUB-Seminar-School-of-Design-Thinking-20241206-027-1024x683.jpg 1024w, https:\/\/entrepreneurship.ruhr-uni-bochum.de\/wp-content\/uploads\/2025\/04\/RUB-Seminar-School-of-Design-Thinking-20241206-027-300x200.jpg 300w, https:\/\/entrepreneurship.ruhr-uni-bochum.de\/wp-content\/uploads\/2025\/04\/RUB-Seminar-School-of-Design-Thinking-20241206-027-768x512.jpg 768w, https:\/\/entrepreneurship.ruhr-uni-bochum.de\/wp-content\/uploads\/2025\/04\/RUB-Seminar-School-of-Design-Thinking-20241206-027-1536x1025.jpg 1536w, https:\/\/entrepreneurship.ruhr-uni-bochum.de\/wp-content\/uploads\/2025\/04\/RUB-Seminar-School-of-Design-Thinking-20241206-027-18x12.jpg 18w, https:\/\/entrepreneurship.ruhr-uni-bochum.de\/wp-content\/uploads\/2025\/04\/RUB-Seminar-School-of-Design-Thinking-20241206-027.jpg 2048w\" sizes=\"auto, (max-width: 1024px) 100vw, 1024px\" \/><\/figure>\n<\/div>\n<\/div>\n\n\n\n<p>Weitere Informationen zu <strong>Zertifikate im Optionalbereich<\/strong> finden Sie <a href=\"https:\/\/optio.ruhr-uni-bochum.de\/index.php\/zertifikate-im-optionalbereich\/\"><strong>hier<\/strong><\/a>.<\/p>\n\n\n\n<p><\/p>","protected":false},"excerpt":{"rendered":"<p>Willkommen bei der Entrepreneurship Education der RUB! Die Entrepreneurship Education unterst\u00fctzt Sie dabei, \u00fcber Fachgrenzen hinweg Ideen zu entwickeln und Wirkung zu entfalten \u2013 im Studium, in der Forschung und dar\u00fcber hinaus. Unser Angebot ist offen f\u00fcr Studierende und Forschende aller Fakult\u00e4ten der RUB, sowohl f\u00fcr Bachelor-, Master- als auch f\u00fcr Postgraduiertenstudieng\u00e4nge. Mit dem Entrepreneurship-Zertifikat [&hellip;]<\/p>\n","protected":false},"author":1,"featured_media":0,"parent":0,"menu_order":0,"comment_status":"closed","ping_status":"closed","template":"","meta":{"footnotes":""},"class_list":["post-13","page","type-page","status-publish","hentry"],"blocksy_meta":[],"_links":{"self":[{"href":"https:\/\/entrepreneurship.ruhr-uni-bochum.de\/en\/wp-json\/wp\/v2\/pages\/13","targetHints":{"allow":["GET"]}}],"collection":[{"href":"https:\/\/entrepreneurship.ruhr-uni-bochum.de\/en\/wp-json\/wp\/v2\/pages"}],"about":[{"href":"https:\/\/entrepreneurship.ruhr-uni-bochum.de\/en\/wp-json\/wp\/v2\/types\/page"}],"author":[{"embeddable":true,"href":"https:\/\/entrepreneurship.ruhr-uni-bochum.de\/en\/wp-json\/wp\/v2\/users\/1"}],"replies":[{"embeddable":true,"href":"https:\/\/entrepreneurship.ruhr-uni-bochum.de\/en\/wp-json\/wp\/v2\/comments?post=13"}],"version-history":[{"count":30,"href":"https:\/\/entrepreneurship.ruhr-uni-bochum.de\/en\/wp-json\/wp\/v2\/pages\/13\/revisions"}],"predecessor-version":[{"id":242,"href":"https:\/\/entrepreneurship.ruhr-uni-bochum.de\/en\/wp-json\/wp\/v2\/pages\/13\/revisions\/242"}],"wp:attachment":[{"href":"https:\/\/entrepreneurship.ruhr-uni-bochum.de\/en\/wp-json\/wp\/v2\/media?parent=13"}],"curies":[{"name":"wp","href":"https:\/\/api.w.org\/{rel}","templated":true}]}}