{"id":39,"date":"2025-04-05T17:28:37","date_gmt":"2025-04-05T17:28:37","guid":{"rendered":"https:\/\/entrepreneurship.ruhr-uni-bochum.de\/?page_id=39"},"modified":"2025-04-14T12:05:04","modified_gmt":"2025-04-14T12:05:04","slug":"challenges","status":"publish","type":"page","link":"https:\/\/entrepreneurship.ruhr-uni-bochum.de\/en\/challenges\/","title":{"rendered":"Challenges"},"content":{"rendered":"<div class=\"wp-block-group alignfull is-layout-constrained wp-block-group-is-layout-constrained\">\n<div class=\"wp-block-cover alignfull is-light\" style=\"padding-top:var(--wp--preset--spacing--40);padding-right:var(--wp--preset--spacing--60);padding-bottom:var(--wp--preset--spacing--40);padding-left:var(--wp--preset--spacing--60);min-height:218px;aspect-ratio:unset;\"><span aria-hidden=\"true\" class=\"wp-block-cover__background has-palette-color-8-background-color has-background-dim-10 has-background-dim\"><\/span><img loading=\"lazy\" decoding=\"async\" width=\"2048\" height=\"1152\" class=\"wp-block-cover__image-background wp-image-41\" alt=\"\" src=\"https:\/\/entrepreneurship.ruhr-uni-bochum.de\/wp-content\/uploads\/2025\/04\/TQ_1448.jpg\" style=\"object-position:54% 38%\" data-object-fit=\"cover\" data-object-position=\"54% 38%\" srcset=\"https:\/\/entrepreneurship.ruhr-uni-bochum.de\/wp-content\/uploads\/2025\/04\/TQ_1448.jpg 2048w, https:\/\/entrepreneurship.ruhr-uni-bochum.de\/wp-content\/uploads\/2025\/04\/TQ_1448-300x169.jpg 300w, https:\/\/entrepreneurship.ruhr-uni-bochum.de\/wp-content\/uploads\/2025\/04\/TQ_1448-1024x576.jpg 1024w, https:\/\/entrepreneurship.ruhr-uni-bochum.de\/wp-content\/uploads\/2025\/04\/TQ_1448-768x432.jpg 768w, https:\/\/entrepreneurship.ruhr-uni-bochum.de\/wp-content\/uploads\/2025\/04\/TQ_1448-1536x864.jpg 1536w, https:\/\/entrepreneurship.ruhr-uni-bochum.de\/wp-content\/uploads\/2025\/04\/TQ_1448-18x10.jpg 18w\" sizes=\"auto, (max-width: 2048px) 100vw, 2048px\" \/><div class=\"wp-block-cover__inner-container is-layout-flow wp-block-cover-is-layout-flow\">\n<div style=\"height:400px\" aria-hidden=\"true\" class=\"wp-block-spacer\"><\/div>\n\n\n\n<p class=\"has-palette-color-8-color has-text-color has-link-color wp-elements-eadeb2411b58f55293ae139b0b513713\"><strong>Source: Growth Alliance, 2023<\/strong><\/p>\n<\/div><\/div>\n<\/div>\n\n\n\n<div style=\"height:10px\" aria-hidden=\"true\" class=\"wp-block-spacer\"><\/div>\n\n\n\n<div class=\"wp-block-columns is-layout-flex wp-container-core-columns-is-layout-28f84493 wp-block-columns-is-layout-flex\">\n<div class=\"wp-block-column is-layout-flow wp-block-column-is-layout-flow\" style=\"flex-basis:60%\">\n<h2 class=\"wp-block-heading has-palette-color-1-color has-text-color has-link-color wp-elements-45d10dcd5c33a559476c4c66912e1309\" style=\"line-height:1.2\">How to collaborate with us? <strong>Industry Challenges as teaching cases for students<\/strong><\/h2>\n<\/div>\n\n\n\n<div class=\"wp-block-column is-layout-flow wp-block-column-is-layout-flow\" style=\"flex-basis:40%\"><\/div>\n<\/div>\n\n\n\n<div style=\"height:30px\" aria-hidden=\"true\" class=\"wp-block-spacer\"><\/div>\n\n\n\n<div class=\"wp-block-columns is-layout-flex wp-container-core-columns-is-layout-28f84493 wp-block-columns-is-layout-flex\">\n<div class=\"wp-block-column is-layout-flow wp-block-column-is-layout-flow\" style=\"padding-top:var(--wp--preset--spacing--40);padding-right:var(--wp--preset--spacing--40);padding-bottom:var(--wp--preset--spacing--40);padding-left:var(--wp--preset--spacing--40);flex-basis:50%\">\n<p class=\"has-text-align-left has-palette-color-1-color has-text-color has-link-color wp-elements-42612126cc870eb583069e542583f9f4\"><strong>What the Challenges can offer:<\/strong><\/p>\n\n\n\n<ul class=\"wp-block-list\">\n<li class=\"has-palette-color-1-color has-text-color has-link-color wp-elements-136cd59f15d5f60dcc8e2dfe62866c5a\">Experience working with motivated students from different disciplines.<\/li>\n\n\n\n<li class=\"has-palette-color-1-color has-text-color has-link-color wp-elements-fd9567148f1878f16be6c79600a49ce8\">Work in a team with Bachelor or Master students with an entrepreneurial mindset and problem solving skills.<\/li>\n\n\n\n<li class=\"has-palette-color-1-color has-text-color has-link-color wp-elements-ef0d852e2233c9e015030846b95d37b1\">Liaise with the academic staff of the <a href=\"https:\/\/www.uaruhr.de\"><strong>UA Ruhr<\/strong><\/a><\/li>\n\n\n\n<li class=\"has-palette-color-1-color has-text-color has-link-color wp-elements-d894712f984b106a57cfd19187d0287c\">Add value to the development of your company through entrepreneurial and \u201aout of the box\u2018 thinking.<\/li>\n\n\n\n<li class=\"has-palette-color-1-color has-text-color has-link-color wp-elements-ecd9c60f034e4d1f2424b9becc098e92\">To bridge the current gap between the professional environment and the academic world.<\/li>\n<\/ul>\n\n\n\n<p class=\"has-text-align-left has-palette-color-1-color has-text-color has-link-color wp-elements-f3f87d69da7dcefb464fb9ddcfd70503\"><strong>Practical information: What do you need to provide?<\/strong><\/p>\n\n\n\n<ul class=\"wp-block-list\">\n<li class=\"has-palette-color-1-color has-text-color has-link-color wp-elements-c3c474af82a54ff6c34e6e714d88a47f\">Define your challenge.<\/li>\n\n\n\n<li class=\"has-palette-color-1-color has-text-color has-link-color wp-elements-284fdf50cc6d5ca39b2d06088cb5f63b\">Be available to meet with the students on a regular basis (in person or by video conference).<\/li>\n\n\n\n<li class=\"has-palette-color-1-color has-text-color has-link-color wp-elements-3164f832ed4cda53bd62319d4319271f\">Be present at the kick-off and final presentations of the challenges.<\/li>\n<\/ul>\n\n\n\n<p class=\"has-text-align-left has-palette-color-1-color has-text-color has-link-color wp-elements-a49ba31605fca1bbe5fd499183d41ce8 translation-block\">Find out more about how you can work with us to meet these challenges <strong><a href=\"mailto:sekretariat-eship@ruhr-uni-bochum.de\" target=\"_self\"> by contacting us here<\/a><\/strong>.<\/p>\n<\/div>\n\n\n\n<div class=\"wp-block-column is-layout-flow wp-block-column-is-layout-flow\" style=\"padding-top:var(--wp--preset--spacing--40);padding-right:var(--wp--preset--spacing--40);padding-bottom:var(--wp--preset--spacing--40);padding-left:var(--wp--preset--spacing--40);flex-basis:10%\"><\/div>\n\n\n\n<div class=\"wp-block-column is-layout-flow wp-block-column-is-layout-flow\" style=\"padding-top:var(--wp--preset--spacing--40);padding-right:var(--wp--preset--spacing--40);padding-bottom:var(--wp--preset--spacing--40);padding-left:var(--wp--preset--spacing--40);flex-basis:40%\">\n<figure class=\"wp-block-image aligncenter size-large\" style=\"margin-right:0;margin-left:0\"><img loading=\"lazy\" decoding=\"async\" width=\"1024\" height=\"683\" src=\"https:\/\/entrepreneurship.ruhr-uni-bochum.de\/wp-content\/uploads\/2025\/04\/RUB-Seminar-School-of-Design-Thinking-20241206-026-scaled-2-1024x683.jpg\" alt=\"\" class=\"wp-image-42\" srcset=\"https:\/\/entrepreneurship.ruhr-uni-bochum.de\/wp-content\/uploads\/2025\/04\/RUB-Seminar-School-of-Design-Thinking-20241206-026-scaled-2-1024x683.jpg 1024w, https:\/\/entrepreneurship.ruhr-uni-bochum.de\/wp-content\/uploads\/2025\/04\/RUB-Seminar-School-of-Design-Thinking-20241206-026-scaled-2-300x200.jpg 300w, https:\/\/entrepreneurship.ruhr-uni-bochum.de\/wp-content\/uploads\/2025\/04\/RUB-Seminar-School-of-Design-Thinking-20241206-026-scaled-2-768x512.jpg 768w, https:\/\/entrepreneurship.ruhr-uni-bochum.de\/wp-content\/uploads\/2025\/04\/RUB-Seminar-School-of-Design-Thinking-20241206-026-scaled-2-1536x1024.jpg 1536w, https:\/\/entrepreneurship.ruhr-uni-bochum.de\/wp-content\/uploads\/2025\/04\/RUB-Seminar-School-of-Design-Thinking-20241206-026-scaled-2-2048x1366.jpg 2048w, https:\/\/entrepreneurship.ruhr-uni-bochum.de\/wp-content\/uploads\/2025\/04\/RUB-Seminar-School-of-Design-Thinking-20241206-026-scaled-2-18x12.jpg 18w\" sizes=\"auto, (max-width: 1024px) 100vw, 1024px\" \/><\/figure>\n<\/div>\n<\/div>\n\n\n\n<div style=\"height:50px\" aria-hidden=\"true\" class=\"wp-block-spacer\"><\/div>","protected":false},"excerpt":{"rendered":"<p>Wie k\u00f6nnen Sie mit uns zusammenarbeiten? Praxisnahe Herausforderungen aus der Industrie als Lerninhalte f\u00fcr Studierende Was die Challenges bieten k\u00f6nnen: Praktische Information f\u00fcr Sie: Was m\u00fcssen Sie bereitstellen? Erfahren Sie mehr dar\u00fcber, wie Sie mit uns zusammenarbeiten k\u00f6nnen, um Herausforderungen zu meistern, indem Sie hier Kontakt mit uns aufnehmen.<\/p>","protected":false},"author":1,"featured_media":0,"parent":0,"menu_order":0,"comment_status":"closed","ping_status":"closed","template":"","meta":{"footnotes":""},"class_list":["post-39","page","type-page","status-publish","hentry"],"blocksy_meta":[],"_links":{"self":[{"href":"https:\/\/entrepreneurship.ruhr-uni-bochum.de\/en\/wp-json\/wp\/v2\/pages\/39","targetHints":{"allow":["GET"]}}],"collection":[{"href":"https:\/\/entrepreneurship.ruhr-uni-bochum.de\/en\/wp-json\/wp\/v2\/pages"}],"about":[{"href":"https:\/\/entrepreneurship.ruhr-uni-bochum.de\/en\/wp-json\/wp\/v2\/types\/page"}],"author":[{"embeddable":true,"href":"https:\/\/entrepreneurship.ruhr-uni-bochum.de\/en\/wp-json\/wp\/v2\/users\/1"}],"replies":[{"embeddable":true,"href":"https:\/\/entrepreneurship.ruhr-uni-bochum.de\/en\/wp-json\/wp\/v2\/comments?post=39"}],"version-history":[{"count":9,"href":"https:\/\/entrepreneurship.ruhr-uni-bochum.de\/en\/wp-json\/wp\/v2\/pages\/39\/revisions"}],"predecessor-version":[{"id":131,"href":"https:\/\/entrepreneurship.ruhr-uni-bochum.de\/en\/wp-json\/wp\/v2\/pages\/39\/revisions\/131"}],"wp:attachment":[{"href":"https:\/\/entrepreneurship.ruhr-uni-bochum.de\/en\/wp-json\/wp\/v2\/media?parent=39"}],"curies":[{"name":"wp","href":"https:\/\/api.w.org\/{rel}","templated":true}]}}