{"id":79,"date":"2025-04-06T09:38:04","date_gmt":"2025-04-06T09:38:04","guid":{"rendered":"https:\/\/entrepreneurship.ruhr-uni-bochum.de\/?page_id=79"},"modified":"2025-04-06T09:38:04","modified_gmt":"2025-04-06T09:38:04","slug":"impressum","status":"publish","type":"page","link":"https:\/\/entrepreneurship.ruhr-uni-bochum.de\/en\/impressum\/","title":{"rendered":"Impressum"},"content":{"rendered":"<div class=\"wp-block-group is-layout-constrained wp-block-group-is-layout-constrained\">\n<div class=\"wp-block-columns is-layout-flex wp-container-core-columns-is-layout-28f84493 wp-block-columns-is-layout-flex\">\n<div class=\"wp-block-column is-layout-flow wp-block-column-is-layout-flow\" style=\"flex-basis:100%\">\n<h2 class=\"wp-block-heading has-palette-color-1-color has-text-color has-link-color wp-elements-81442e70d403abefb184903bbb5fc78f\" style=\"border-style:none;border-width:0px\">Impressum<\/h2>\n\n\n\n<p class=\"has-palette-color-2-color has-text-color has-link-color wp-elements-5c708e9594c34e76191a8d150a01f114\">Die Ruhr-Universit\u00e4t Bochum ist eine K\u00f6rperschaft des \u00d6ffentlichen Rechts. Sie wird durch ihren Rektor Prof. Dr. Martin Paul gesetzlich vertreten.<\/p>\n\n\n\n<p class=\"has-palette-color-2-color has-text-color has-link-color wp-elements-a7eea8b80432092a1b23233e90e99024\">Zust\u00e4ndige Aufsichtsbeh\u00f6rde:&nbsp;<\/p>\n\n\n\n<p class=\"has-palette-color-2-color has-text-color has-link-color wp-elements-579591d439ea92b2f924a729861175bc\">Ministerium f\u00fcr Kultur und Wissenschaft des Landes Nordrhein-Westfalen<br>V\u00f6lklinger Stra\u00dfe 49<br>40221 D\u00fcsseldorf&nbsp;<\/p>\n\n\n\n<p class=\"has-palette-color-2-color has-text-color has-link-color wp-elements-5c5a56f0f4ad9dbd0929133abb23e72c\">Umsatzsteuer-Identifikationsnummer: DE 127 056 261<\/p>\n\n\n\n<p class=\"has-palette-color-2-color has-text-color has-link-color wp-elements-fa8f045fafccfc5d9f13b31387949ac6\">Haftungshinweis: Die Ruhr-Universit\u00e4t Bochum \u00fcbernimmt keine Gew\u00e4hr f\u00fcr die Aktualit\u00e4t, Richtigkeit und Vollst\u00e4ndigkeit der Informationen auf ihren Internetseiten. Das Gleiche gilt f\u00fcr die Inhalte verlinkter Seiten.<\/p>\n\n\n\n<p class=\"has-palette-color-2-color has-text-color has-link-color wp-elements-7b8366ae135b8b4f3ab9e892662e92c3\">Meldungen \u00fcber missbr\u00e4uchliche Nutzungen, die von Stationen aus dem IP-Namensbereich ruhr-uni-bochum.de ausgehen, senden Sie bitte an die E-Mail-Adresse abuse@ruhr-uni-bochum.de. Gleichfalls bittet die Ruhr-Universit\u00e4t um Mitteilung an dieselbe Email-Adresse, wenn rechtswidrige Inhalte durch Links auf Seiten der Ruhr-Universit\u00e4t zu erreichen sind.&nbsp;<\/p>\n\n\n\n<p class=\"has-palette-color-2-color has-text-color has-link-color wp-elements-22a95d47cc5bd32dd3d1d36b3869e669\">Alle im Internetangebot der Ruhr-Universit\u00e4t Bochum ver\u00f6ffentlichten Inhalte (Layout, Texte, Bilder, Grafiken usw.) unterliegen dem Urheberrecht.&nbsp;<\/p>\n\n\n\n<p class=\"has-palette-color-2-color has-text-color has-link-color wp-elements-dedde67e97aba97bed86c6c653bbddbb\">Kontaktm\u00f6glichkeiten finden Sie unter auf der allgemeinen Kontaktseite der Ruhr-Universit\u00e4t Bochum.&nbsp;<\/p>\n\n\n\n<p class=\"has-palette-color-2-color has-text-color has-link-color wp-elements-3ace32a33d186c1574ed0da9be0b04bf\">Postanschrift:<br>Ruhr-Universit\u00e4t Bochum<br>Lehrstuhl f\u00fcr Entrepreneurship und Innovative Gesch\u00e4ftsmodelle<br>Universit\u00e4tsstra\u00dfe 150<br>44801 Bochum&nbsp;<\/p>\n\n\n\n<p class=\"has-palette-color-2-color has-text-color has-link-color wp-elements-776e2710596d9275afc348a258f4a291\">Tel.: +49 234 32 26690<br>E-Mail: sekretariat-eship@ruhr-uni-bochum.de<\/p>\n\n\n\n<p class=\"has-palette-color-2-color has-text-color has-link-color wp-elements-9e42f153d3936756a68e3111c4d4e897\">Verantwortlich f\u00fcr den Webauftritt gem\u00e4\u00df \u00a7 18 Abs. 2 MStV ist Prof. Dr. Stefanie Br\u00f6ring, Lehrstuhl f\u00fcr Entrepreneurship und Innovative Gesch\u00e4ftsmodelle.<\/p>\n<\/div>\n<\/div>\n\n\n\n<div style=\"height:60px\" aria-hidden=\"true\" class=\"wp-block-spacer\"><\/div>\n<\/div>","protected":false},"excerpt":{"rendered":"<p>Impressum Die Ruhr-Universit\u00e4t Bochum ist eine K\u00f6rperschaft des \u00d6ffentlichen Rechts. Sie wird durch ihren Rektor Prof. Dr. Martin Paul gesetzlich vertreten. Zust\u00e4ndige Aufsichtsbeh\u00f6rde:&nbsp; Ministerium f\u00fcr Kultur und Wissenschaft des Landes Nordrhein-WestfalenV\u00f6lklinger Stra\u00dfe 4940221 D\u00fcsseldorf&nbsp; Umsatzsteuer-Identifikationsnummer: DE 127 056 261 Haftungshinweis: Die Ruhr-Universit\u00e4t Bochum \u00fcbernimmt keine Gew\u00e4hr f\u00fcr die Aktualit\u00e4t, Richtigkeit und Vollst\u00e4ndigkeit der Informationen auf [&hellip;]<\/p>\n","protected":false},"author":1,"featured_media":0,"parent":0,"menu_order":0,"comment_status":"closed","ping_status":"closed","template":"","meta":{"footnotes":""},"class_list":["post-79","page","type-page","status-publish","hentry"],"blocksy_meta":[],"_links":{"self":[{"href":"https:\/\/entrepreneurship.ruhr-uni-bochum.de\/en\/wp-json\/wp\/v2\/pages\/79","targetHints":{"allow":["GET"]}}],"collection":[{"href":"https:\/\/entrepreneurship.ruhr-uni-bochum.de\/en\/wp-json\/wp\/v2\/pages"}],"about":[{"href":"https:\/\/entrepreneurship.ruhr-uni-bochum.de\/en\/wp-json\/wp\/v2\/types\/page"}],"author":[{"embeddable":true,"href":"https:\/\/entrepreneurship.ruhr-uni-bochum.de\/en\/wp-json\/wp\/v2\/users\/1"}],"replies":[{"embeddable":true,"href":"https:\/\/entrepreneurship.ruhr-uni-bochum.de\/en\/wp-json\/wp\/v2\/comments?post=79"}],"version-history":[{"count":1,"href":"https:\/\/entrepreneurship.ruhr-uni-bochum.de\/en\/wp-json\/wp\/v2\/pages\/79\/revisions"}],"predecessor-version":[{"id":80,"href":"https:\/\/entrepreneurship.ruhr-uni-bochum.de\/en\/wp-json\/wp\/v2\/pages\/79\/revisions\/80"}],"wp:attachment":[{"href":"https:\/\/entrepreneurship.ruhr-uni-bochum.de\/en\/wp-json\/wp\/v2\/media?parent=79"}],"curies":[{"name":"wp","href":"https:\/\/api.w.org\/{rel}","templated":true}]}}